{"id":5881,"date":"2026-03-03T20:47:36","date_gmt":"2026-03-03T20:47:36","guid":{"rendered":"https:\/\/dataprotectionsolutions.hu\/accessibility-statement-2\/"},"modified":"2026-03-03T20:47:36","modified_gmt":"2026-03-03T20:47:36","slug":"accessibility-statement-2","status":"publish","type":"page","link":"https:\/\/dataprotectionsolutions.hu\/en\/accessibility-statement-2\/","title":{"rendered":"Accessibility statement"},"content":{"rendered":"<h6 class=\"wp-block-heading has-text-align-center\">Accessibility Statement for dataprotectionsolutions.hu<\/h6>\n\n\n<p><strong>Data Protection Solutions<\/strong> is committed to ensuring digital accessibility for people with disabilities. We are continually improving the user experience for everyone and applying the relevant accessibility standards.<\/p>\n\n\n<h6 class=\"wp-block-heading\">Conformance status<\/h6>\n\n\n<p>The Web Content Accessibility Guidelines (WCAG) defines requirements for designers and developers to improve accessibility for people with disabilities. It defines three levels of conformance: Level A, Level AA, and Level AAA.<\/p>\n\n\n<p><strong>Data Protection Solutions<\/strong> is making constant efforts to improve the accessibility of its site and services in the belief that it is our collective moral obligation to allow seamless, accessible, and unhindered use for those of us with disabilities.<\/p>\n\n\n<p>We aim to make all pages and content on <strong>dataprotectionsolutions.hu<\/strong> accessible, but some content may not yet fully meet the highest accessibility standards. This could be due to challenges in identifying the most suitable technological solution.<\/p>\n\n\n<p>We may revise this Statement periodically to reflect improvements or changes to our accessibility practices.<\/p>\n\n\n<h6 class=\"wp-block-heading\">Visszajelz\u00e9s<\/h6>\n\n\n<p>We welcome your feedback on the accessibility of <strong>Data Protection Solutions<\/strong> website. Please let us know if you encounter accessibility barriers on our website:<\/p>\n\n\n<p>E-mail: <strong>info@dataprotectionsolutions.hu<\/strong><\/p>\n\n\n<p>We try to respond to feedback within 3\u20135 business days.<\/p>\n\n\n<p>This statement was created on 2026. 03. 03.. <\/p>","protected":false},"excerpt":{"rendered":"<p>Accessibility Statement for dataprotectionsolutions.hu Data Protection Solutions is committed to ensuring digital accessibility for people with disabilities. We are continually improving the user experience for everyone and applying the relevant accessibility standards. Conformance status The Web Content Accessibility Guidelines (WCAG) defines requirements for designers and developers to improve accessibility for people with disabilities. It defines [&hellip;]<\/p>\n","protected":false},"author":1,"featured_media":0,"parent":0,"menu_order":0,"comment_status":"closed","ping_status":"closed","template":"","meta":{"site-sidebar-layout":"default","site-content-layout":"","ast-site-content-layout":"default","site-content-style":"default","site-sidebar-style":"default","ast-global-header-display":"","ast-banner-title-visibility":"","ast-main-header-display":"","ast-hfb-above-header-display":"","ast-hfb-below-header-display":"","ast-hfb-mobile-header-display":"","site-post-title":"","ast-breadcrumbs-content":"","ast-featured-img":"","footer-sml-layout":"","ast-disable-related-posts":"","theme-transparent-header-meta":"","adv-header-id-meta":"","stick-header-meta":"","header-above-stick-meta":"","header-main-stick-meta":"","header-below-stick-meta":"","astra-migrate-meta-layouts":"default","ast-page-background-enabled":"default","ast-page-background-meta":{"desktop":{"background-color":"var(--ast-global-color-4)","background-image":"","background-repeat":"repeat","background-position":"center center","background-size":"auto","background-attachment":"scroll","background-type":"","background-media":"","overlay-type":"","overlay-color":"","overlay-opacity":"","overlay-gradient":""},"tablet":{"background-color":"","background-image":"","background-repeat":"repeat","background-position":"center center","background-size":"auto","background-attachment":"scroll","background-type":"","background-media":"","overlay-type":"","overlay-color":"","overlay-opacity":"","overlay-gradient":""},"mobile":{"background-color":"","background-image":"","background-repeat":"repeat","background-position":"center center","background-size":"auto","background-attachment":"scroll","background-type":"","background-media":"","overlay-type":"","overlay-color":"","overlay-opacity":"","overlay-gradient":""}},"ast-content-background-meta":{"desktop":{"background-color":"var(--ast-global-color-5)","background-image":"","background-repeat":"repeat","background-position":"center center","background-size":"auto","background-attachment":"scroll","background-type":"","background-media":"","overlay-type":"","overlay-color":"","overlay-opacity":"","overlay-gradient":""},"tablet":{"background-color":"var(--ast-global-color-5)","background-image":"","background-repeat":"repeat","background-position":"center center","background-size":"auto","background-attachment":"scroll","background-type":"","background-media":"","overlay-type":"","overlay-color":"","overlay-opacity":"","overlay-gradient":""},"mobile":{"background-color":"var(--ast-global-color-5)","background-image":"","background-repeat":"repeat","background-position":"center center","background-size":"auto","background-attachment":"scroll","background-type":"","background-media":"","overlay-type":"","overlay-color":"","overlay-opacity":"","overlay-gradient":""}},"footnotes":""},"class_list":["post-5881","page","type-page","status-publish","hentry"],"yoast_head":"<!-- This site is optimized with the Yoast SEO plugin v27.4 - https:\/\/yoast.com\/product\/yoast-seo-wordpress\/ -->\n<title>Accessibility statement &#8212; Data Protection Solutions<\/title>\n<meta name=\"robots\" content=\"index, follow, max-snippet:-1, max-image-preview:large, max-video-preview:-1\" \/>\n<link rel=\"canonical\" href=\"https:\/\/dataprotectionsolutions.hu\/en\/accessibility-statement-2\/\" \/>\n<meta property=\"og:locale\" content=\"en_US\" \/>\n<meta property=\"og:type\" content=\"article\" \/>\n<meta property=\"og:title\" content=\"Accessibility statement &#8212; Data Protection Solutions\" \/>\n<meta property=\"og:description\" content=\"Accessibility Statement for dataprotectionsolutions.hu Data Protection Solutions is committed to ensuring digital accessibility for people with disabilities. We are continually improving the user experience for everyone and applying the relevant accessibility standards. Conformance status The Web Content Accessibility Guidelines (WCAG) defines requirements for designers and developers to improve accessibility for people with disabilities. It defines [&hellip;]\" \/>\n<meta property=\"og:url\" content=\"https:\/\/dataprotectionsolutions.hu\/en\/accessibility-statement-2\/\" \/>\n<meta property=\"og:site_name\" content=\"Data Protection Solutions\" \/>\n<meta name=\"twitter:card\" content=\"summary_large_image\" \/>\n<meta name=\"twitter:label1\" content=\"Est. reading time\" \/>\n\t<meta name=\"twitter:data1\" content=\"1 minute\" \/>\n<script type=\"application\/ld+json\" class=\"yoast-schema-graph\">{\"@context\":\"https:\\\/\\\/schema.org\",\"@graph\":[{\"@type\":\"WebPage\",\"@id\":\"https:\\\/\\\/dataprotectionsolutions.hu\\\/accessibility-statement-2\\\/\",\"url\":\"https:\\\/\\\/dataprotectionsolutions.hu\\\/accessibility-statement-2\\\/\",\"name\":\"Accessibility statement &#8212; Data Protection Solutions\",\"isPartOf\":{\"@id\":\"https:\\\/\\\/dataprotectionsolutions.hu\\\/#website\"},\"datePublished\":\"2026-03-03T20:47:36+00:00\",\"breadcrumb\":{\"@id\":\"https:\\\/\\\/dataprotectionsolutions.hu\\\/accessibility-statement-2\\\/#breadcrumb\"},\"inLanguage\":\"en-US\",\"potentialAction\":[{\"@type\":\"ReadAction\",\"target\":[\"https:\\\/\\\/dataprotectionsolutions.hu\\\/accessibility-statement-2\\\/\"]}]},{\"@type\":\"BreadcrumbList\",\"@id\":\"https:\\\/\\\/dataprotectionsolutions.hu\\\/accessibility-statement-2\\\/#breadcrumb\",\"itemListElement\":[{\"@type\":\"ListItem\",\"position\":1,\"name\":\"Kezd\u0151lap\",\"item\":\"https:\\\/\\\/dataprotectionsolutions.hu\\\/\"},{\"@type\":\"ListItem\",\"position\":2,\"name\":\"Accessibility statement\"}]},{\"@type\":\"WebSite\",\"@id\":\"https:\\\/\\\/dataprotectionsolutions.hu\\\/#website\",\"url\":\"https:\\\/\\\/dataprotectionsolutions.hu\\\/\",\"name\":\"Data Protection Solutions\",\"description\":\"Adatv\u00e9delmi tan\u00e1csad\u00e1s\",\"publisher\":{\"@id\":\"https:\\\/\\\/dataprotectionsolutions.hu\\\/#organization\"},\"potentialAction\":[{\"@type\":\"SearchAction\",\"target\":{\"@type\":\"EntryPoint\",\"urlTemplate\":\"https:\\\/\\\/dataprotectionsolutions.hu\\\/?s={search_term_string}\"},\"query-input\":{\"@type\":\"PropertyValueSpecification\",\"valueRequired\":true,\"valueName\":\"search_term_string\"}}],\"inLanguage\":\"en-US\"},{\"@type\":\"Organization\",\"@id\":\"https:\\\/\\\/dataprotectionsolutions.hu\\\/#organization\",\"name\":\"Data Protection Solutions\",\"url\":\"https:\\\/\\\/dataprotectionsolutions.hu\\\/\",\"logo\":{\"@type\":\"ImageObject\",\"inLanguage\":\"en-US\",\"@id\":\"https:\\\/\\\/dataprotectionsolutions.hu\\\/#\\\/schema\\\/logo\\\/image\\\/\",\"url\":\"https:\\\/\\\/dataprotectionsolutions.hu\\\/wp-content\\\/uploads\\\/2021\\\/06\\\/logo_finalkek_szoveggel-hatter.png\",\"contentUrl\":\"https:\\\/\\\/dataprotectionsolutions.hu\\\/wp-content\\\/uploads\\\/2021\\\/06\\\/logo_finalkek_szoveggel-hatter.png\",\"width\":1605,\"height\":1560,\"caption\":\"Data Protection Solutions\"},\"image\":{\"@id\":\"https:\\\/\\\/dataprotectionsolutions.hu\\\/#\\\/schema\\\/logo\\\/image\\\/\"}}]}<\/script>\n<!-- \/ Yoast SEO plugin. -->","yoast_head_json":{"title":"Accessibility statement &#8212; Data Protection Solutions","robots":{"index":"index","follow":"follow","max-snippet":"max-snippet:-1","max-image-preview":"max-image-preview:large","max-video-preview":"max-video-preview:-1"},"canonical":"https:\/\/dataprotectionsolutions.hu\/en\/accessibility-statement-2\/","og_locale":"en_US","og_type":"article","og_title":"Accessibility statement &#8212; Data Protection Solutions","og_description":"Accessibility Statement for dataprotectionsolutions.hu Data Protection Solutions is committed to ensuring digital accessibility for people with disabilities. We are continually improving the user experience for everyone and applying the relevant accessibility standards. Conformance status The Web Content Accessibility Guidelines (WCAG) defines requirements for designers and developers to improve accessibility for people with disabilities. It defines [&hellip;]","og_url":"https:\/\/dataprotectionsolutions.hu\/en\/accessibility-statement-2\/","og_site_name":"Data Protection Solutions","twitter_card":"summary_large_image","twitter_misc":{"Est. reading time":"1 minute"},"schema":{"@context":"https:\/\/schema.org","@graph":[{"@type":"WebPage","@id":"https:\/\/dataprotectionsolutions.hu\/accessibility-statement-2\/","url":"https:\/\/dataprotectionsolutions.hu\/accessibility-statement-2\/","name":"Accessibility statement &#8212; Data Protection Solutions","isPartOf":{"@id":"https:\/\/dataprotectionsolutions.hu\/#website"},"datePublished":"2026-03-03T20:47:36+00:00","breadcrumb":{"@id":"https:\/\/dataprotectionsolutions.hu\/accessibility-statement-2\/#breadcrumb"},"inLanguage":"en-US","potentialAction":[{"@type":"ReadAction","target":["https:\/\/dataprotectionsolutions.hu\/accessibility-statement-2\/"]}]},{"@type":"BreadcrumbList","@id":"https:\/\/dataprotectionsolutions.hu\/accessibility-statement-2\/#breadcrumb","itemListElement":[{"@type":"ListItem","position":1,"name":"Kezd\u0151lap","item":"https:\/\/dataprotectionsolutions.hu\/"},{"@type":"ListItem","position":2,"name":"Accessibility statement"}]},{"@type":"WebSite","@id":"https:\/\/dataprotectionsolutions.hu\/#website","url":"https:\/\/dataprotectionsolutions.hu\/","name":"Data Protection Solutions","description":"Data protection consultancy","publisher":{"@id":"https:\/\/dataprotectionsolutions.hu\/#organization"},"potentialAction":[{"@type":"SearchAction","target":{"@type":"EntryPoint","urlTemplate":"https:\/\/dataprotectionsolutions.hu\/?s={search_term_string}"},"query-input":{"@type":"PropertyValueSpecification","valueRequired":true,"valueName":"search_term_string"}}],"inLanguage":"en-US"},{"@type":"Organization","@id":"https:\/\/dataprotectionsolutions.hu\/#organization","name":"Data Protection Solutions","url":"https:\/\/dataprotectionsolutions.hu\/","logo":{"@type":"ImageObject","inLanguage":"en-US","@id":"https:\/\/dataprotectionsolutions.hu\/#\/schema\/logo\/image\/","url":"https:\/\/dataprotectionsolutions.hu\/wp-content\/uploads\/2021\/06\/logo_finalkek_szoveggel-hatter.png","contentUrl":"https:\/\/dataprotectionsolutions.hu\/wp-content\/uploads\/2021\/06\/logo_finalkek_szoveggel-hatter.png","width":1605,"height":1560,"caption":"Data Protection Solutions"},"image":{"@id":"https:\/\/dataprotectionsolutions.hu\/#\/schema\/logo\/image\/"}}]}},"_links":{"self":[{"href":"https:\/\/dataprotectionsolutions.hu\/en\/wp-json\/wp\/v2\/pages\/5881","targetHints":{"allow":["GET"]}}],"collection":[{"href":"https:\/\/dataprotectionsolutions.hu\/en\/wp-json\/wp\/v2\/pages"}],"about":[{"href":"https:\/\/dataprotectionsolutions.hu\/en\/wp-json\/wp\/v2\/types\/page"}],"author":[{"embeddable":true,"href":"https:\/\/dataprotectionsolutions.hu\/en\/wp-json\/wp\/v2\/users\/1"}],"replies":[{"embeddable":true,"href":"https:\/\/dataprotectionsolutions.hu\/en\/wp-json\/wp\/v2\/comments?post=5881"}],"version-history":[{"count":0,"href":"https:\/\/dataprotectionsolutions.hu\/en\/wp-json\/wp\/v2\/pages\/5881\/revisions"}],"wp:attachment":[{"href":"https:\/\/dataprotectionsolutions.hu\/en\/wp-json\/wp\/v2\/media?parent=5881"}],"curies":[{"name":"wp","href":"https:\/\/api.w.org\/{rel}","templated":true}]}}