{"id":5880,"date":"2026-03-03T20:47:28","date_gmt":"2026-03-03T20:47:28","guid":{"rendered":"https:\/\/dataprotectionsolutions.hu\/accessibility-statement\/"},"modified":"2026-03-03T20:51:33","modified_gmt":"2026-03-03T20:51:33","slug":"accessibility-statement","status":"publish","type":"page","link":"https:\/\/dataprotectionsolutions.hu\/en\/accessibility-statement\/","title":{"rendered":"Accessibility statement"},"content":{"rendered":"<h3 class=\"wp-block-heading\" data-start=\"0\" data-end=\"74\"><strong data-start=\"0\" data-end=\"74\">Magyar nyelv\u0171 nyilatkozat<\/strong><\/h3>\r\n<p data-start=\"0\" data-end=\"74\"><strong data-start=\"0\" data-end=\"74\">Akad\u00e1lymentess\u00e9gi nyilatkozat a dataprotectionsolutions.hu weboldalhoz<\/strong><\/p>\r\n<p data-start=\"76\" data-end=\"337\">A Data Protection Solutions elk\u00f6telezett a digit\u00e1lis akad\u00e1lymentess\u00e9g biztos\u00edt\u00e1sa ir\u00e1nt a fogyat\u00e9koss\u00e1ggal \u00e9l\u0151 szem\u00e9lyek sz\u00e1m\u00e1ra. Folyamatosan dolgozunk a felhaszn\u00e1l\u00f3i \u00e9lm\u00e9ny jav\u00edt\u00e1s\u00e1n mindenki sz\u00e1m\u00e1ra, \u00e9s alkalmazzuk a vonatkoz\u00f3 akad\u00e1lymentess\u00e9gi szabv\u00e1nyokat.<\/p>\r\n<p data-start=\"339\" data-end=\"364\"><strong>Megfelel\u0151s\u00e9gi \u00e1llapot<\/strong><\/p>\r\n<p data-start=\"366\" data-end=\"669\">A Web Content Accessibility Guidelines (WCAG) ir\u00e1nyelvek meghat\u00e1rozz\u00e1k azokat a k\u00f6vetelm\u00e9nyeket, amelyek seg\u00edtik a tervez\u0151ket \u00e9s fejleszt\u0151ket a fogyat\u00e9koss\u00e1ggal \u00e9l\u0151 szem\u00e9lyek sz\u00e1m\u00e1ra t\u00f6rt\u00e9n\u0151 jobb hozz\u00e1f\u00e9rhet\u0151s\u00e9g biztos\u00edt\u00e1s\u00e1ban. H\u00e1rom megfelel\u0151s\u00e9gi szintet hat\u00e1roznak meg: A szint, AA szint \u00e9s AAA szint.<\/p>\r\n<p data-start=\"671\" data-end=\"968\">A Data Protection Solutions folyamatos er\u0151fesz\u00edt\u00e9seket tesz weboldala \u00e9s szolg\u00e1ltat\u00e1sai akad\u00e1lymentess\u00e9g\u00e9nek jav\u00edt\u00e1sa \u00e9rdek\u00e9ben, abb\u00f3l a meggy\u0151z\u0151d\u00e9sb\u0151l, hogy k\u00f6z\u00f6s erk\u00f6lcsi k\u00f6teless\u00e9g\u00fcnk a fogyat\u00e9koss\u00e1ggal \u00e9l\u0151 szem\u00e9lyek sz\u00e1m\u00e1ra a z\u00f6kken\u0151mentes, hozz\u00e1f\u00e9rhet\u0151 \u00e9s akad\u00e1lymentes haszn\u00e1lat biztos\u00edt\u00e1sa.<\/p>\r\n<p data-start=\"970\" data-end=\"1287\">C\u00e9lunk, hogy a dataprotectionsolutions.hu weboldal minden oldala \u00e9s tartalma akad\u00e1lymentes legyen, azonban el\u0151fordulhat, hogy egyes tartalmak m\u00e9g nem felelnek meg teljes m\u00e9rt\u00e9kben a legmagasabb akad\u00e1lymentess\u00e9gi szabv\u00e1nyoknak. Ennek oka lehet a legmegfelel\u0151bb technol\u00f3giai megold\u00e1s azonos\u00edt\u00e1s\u00e1val kapcsolatos kih\u00edv\u00e1s.<\/p>\r\n<p data-start=\"1289\" data-end=\"1439\">A jelen Nyilatkozatot id\u0151r\u0151l id\u0151re fel\u00fclvizsg\u00e1lhatjuk annak \u00e9rdek\u00e9ben, hogy t\u00fckr\u00f6zze az akad\u00e1lymentess\u00e9gi gyakorlatunk fejleszt\u00e9seit vagy v\u00e1ltoz\u00e1sait.<\/p>\r\n<p data-start=\"1441\" data-end=\"1457\"><strong>Visszajelz\u00e9s<\/strong><\/p>\r\n<p data-start=\"1459\" data-end=\"1645\">\u00d6r\u00f6mmel fogadjuk a Data Protection Solutions weboldal akad\u00e1lymentess\u00e9g\u00e9vel kapcsolatos visszajelz\u00e9seit. K\u00e9rj\u00fck, jelezze sz\u00e1munkra, ha akad\u00e1lymentess\u00e9gi probl\u00e9m\u00e1t tapasztal weboldalunkon:<\/p>\r\n<p data-start=\"1647\" data-end=\"1686\">E-mail: <a class=\"decorated-link cursor-pointer\" rel=\"noopener\" data-start=\"1655\" data-end=\"1686\">info@dataprotectionsolutions.hu<\/a><\/p>\r\n<p data-start=\"1688\" data-end=\"1761\">A be\u00e9rkezett visszajelz\u00e9sekre igyeksz\u00fcnk 3\u20135 munkanapon bel\u00fcl v\u00e1laszolni.<\/p>\r\n<p data-start=\"1763\" data-end=\"1797\" data-is-last-node=\"\" data-is-only-node=\"\">A nyilatkozat kelte: 2026. 03. 03.<\/p>\r\n<h3 data-start=\"1763\" data-end=\"1797\"><strong>English language statement<\/strong><\/h3>\r\n<p class=\"wp-block-heading has-text-align-center\"><strong>Accessibility Statement for dataprotectionsolutions.hu<\/strong><\/p>\r\n<p data-start=\"1763\" data-end=\"1797\" data-is-last-node=\"\" data-is-only-node=\"\">\r\n\r\n<\/p>\r\n<p><strong>Data Protection Solutions<\/strong> is committed to ensuring digital accessibility for people with disabilities. We are continually improving the user experience for everyone and applying the relevant accessibility standards.<\/p>\r\n<p data-start=\"1763\" data-end=\"1797\" data-is-last-node=\"\" data-is-only-node=\"\">\r\n\r\n<\/p>\r\n<p><strong>Conformance status<\/strong><\/p>\r\n<p data-start=\"1763\" data-end=\"1797\" data-is-last-node=\"\" data-is-only-node=\"\">\r\n\r\n<\/p>\r\n<p>The Web Content Accessibility Guidelines (WCAG) defines requirements for designers and developers to improve accessibility for people with disabilities. It defines three levels of conformance: Level A, Level AA, and Level AAA.<\/p>\r\n<p data-start=\"1763\" data-end=\"1797\" data-is-last-node=\"\" data-is-only-node=\"\">\r\n\r\n<\/p>\r\n<p><strong>Data Protection Solutions<\/strong> is making constant efforts to improve the accessibility of its site and services in the belief that it is our collective moral obligation to allow seamless, accessible, and unhindered use for those of us with disabilities.<\/p>\r\n<p data-start=\"1763\" data-end=\"1797\" data-is-last-node=\"\" data-is-only-node=\"\">\r\n\r\n<\/p>\r\n<p>We aim to make all pages and content on <strong>dataprotectionsolutions.hu<\/strong> accessible, but some content may not yet fully meet the highest accessibility standards. This could be due to challenges in identifying the most suitable technological solution.<\/p>\r\n<p data-start=\"1763\" data-end=\"1797\" data-is-last-node=\"\" data-is-only-node=\"\">\r\n\r\n<\/p>\r\n<p>We may revise this Statement periodically to reflect improvements or changes to our accessibility practices.<\/p>\r\n<p data-start=\"1763\" data-end=\"1797\" data-is-last-node=\"\" data-is-only-node=\"\">\r\n\r\n<\/p>\r\n<p><strong>Feedback<\/strong><\/p>\r\n<p data-start=\"1763\" data-end=\"1797\" data-is-last-node=\"\" data-is-only-node=\"\">\r\n\r\n<\/p>\r\n<p>We welcome your feedback on the accessibility of <strong>Data Protection Solutions<\/strong> website. Please let us know if you encounter accessibility barriers on our website:<\/p>\r\n<p data-start=\"1763\" data-end=\"1797\" data-is-last-node=\"\" data-is-only-node=\"\">\r\n\r\n<\/p>\r\n<p>E-mail: <strong>info@dataprotectionsolutions.hu<\/strong><\/p>\r\n<p data-start=\"1763\" data-end=\"1797\" data-is-last-node=\"\" data-is-only-node=\"\">\r\n\r\n<\/p>\r\n<p>We try to respond to feedback within 3\u20135 business days.<\/p>\r\n<p data-start=\"1763\" data-end=\"1797\" data-is-last-node=\"\" data-is-only-node=\"\">\r\n\r\n<\/p>\r\n<p>This statement was created on 2026. 03. 03.<\/p>","protected":false},"excerpt":{"rendered":"<p>Magyar nyelv\u0171 nyilatkozat Akad\u00e1lymentess\u00e9gi nyilatkozat a dataprotectionsolutions.hu weboldalhoz A Data Protection Solutions elk\u00f6telezett a digit\u00e1lis akad\u00e1lymentess\u00e9g biztos\u00edt\u00e1sa ir\u00e1nt a fogyat\u00e9koss\u00e1ggal \u00e9l\u0151 szem\u00e9lyek sz\u00e1m\u00e1ra. Folyamatosan dolgozunk a felhaszn\u00e1l\u00f3i \u00e9lm\u00e9ny jav\u00edt\u00e1s\u00e1n mindenki sz\u00e1m\u00e1ra, \u00e9s alkalmazzuk a vonatkoz\u00f3 akad\u00e1lymentess\u00e9gi szabv\u00e1nyokat. Megfelel\u0151s\u00e9gi \u00e1llapot A Web Content Accessibility Guidelines (WCAG) ir\u00e1nyelvek meghat\u00e1rozz\u00e1k azokat a k\u00f6vetelm\u00e9nyeket, amelyek seg\u00edtik a tervez\u0151ket \u00e9s [&hellip;]<\/p>\n","protected":false},"author":1,"featured_media":0,"parent":0,"menu_order":0,"comment_status":"closed","ping_status":"closed","template":"","meta":{"site-sidebar-layout":"default","site-content-layout":"","ast-site-content-layout":"default","site-content-style":"default","site-sidebar-style":"default","ast-global-header-display":"","ast-banner-title-visibility":"","ast-main-header-display":"","ast-hfb-above-header-display":"","ast-hfb-below-header-display":"","ast-hfb-mobile-header-display":"","site-post-title":"","ast-breadcrumbs-content":"","ast-featured-img":"","footer-sml-layout":"","ast-disable-related-posts":"","theme-transparent-header-meta":"default","adv-header-id-meta":"","stick-header-meta":"","header-above-stick-meta":"","header-main-stick-meta":"","header-below-stick-meta":"","astra-migrate-meta-layouts":"set","ast-page-background-enabled":"default","ast-page-background-meta":{"desktop":{"background-color":"var(--ast-global-color-4)","background-image":"","background-repeat":"repeat","background-position":"center center","background-size":"auto","background-attachment":"scroll","background-type":"","background-media":"","overlay-type":"","overlay-color":"","overlay-opacity":"","overlay-gradient":""},"tablet":{"background-color":"","background-image":"","background-repeat":"repeat","background-position":"center center","background-size":"auto","background-attachment":"scroll","background-type":"","background-media":"","overlay-type":"","overlay-color":"","overlay-opacity":"","overlay-gradient":""},"mobile":{"background-color":"","background-image":"","background-repeat":"repeat","background-position":"center center","background-size":"auto","background-attachment":"scroll","background-type":"","background-media":"","overlay-type":"","overlay-color":"","overlay-opacity":"","overlay-gradient":""}},"ast-content-background-meta":{"desktop":{"background-color":"var(--ast-global-color-5)","background-image":"","background-repeat":"repeat","background-position":"center center","background-size":"auto","background-attachment":"scroll","background-type":"","background-media":"","overlay-type":"","overlay-color":"","overlay-opacity":"","overlay-gradient":""},"tablet":{"background-color":"var(--ast-global-color-5)","background-image":"","background-repeat":"repeat","background-position":"center center","background-size":"auto","background-attachment":"scroll","background-type":"","background-media":"","overlay-type":"","overlay-color":"","overlay-opacity":"","overlay-gradient":""},"mobile":{"background-color":"var(--ast-global-color-5)","background-image":"","background-repeat":"repeat","background-position":"center center","background-size":"auto","background-attachment":"scroll","background-type":"","background-media":"","overlay-type":"","overlay-color":"","overlay-opacity":"","overlay-gradient":""}},"footnotes":""},"class_list":["post-5880","page","type-page","status-publish","hentry"],"yoast_head":"<!-- This site is optimized with the Yoast SEO plugin v27.4 - https:\/\/yoast.com\/product\/yoast-seo-wordpress\/ -->\n<title>Accessibility statement &#8212; Data Protection Solutions<\/title>\n<meta name=\"robots\" content=\"index, follow, max-snippet:-1, max-image-preview:large, max-video-preview:-1\" \/>\n<link rel=\"canonical\" href=\"https:\/\/dataprotectionsolutions.hu\/en\/accessibility-statement\/\" \/>\n<meta property=\"og:locale\" content=\"en_US\" \/>\n<meta property=\"og:type\" content=\"article\" \/>\n<meta property=\"og:title\" content=\"Accessibility statement &#8212; Data Protection Solutions\" \/>\n<meta property=\"og:description\" content=\"Magyar nyelv\u0171 nyilatkozat Akad\u00e1lymentess\u00e9gi nyilatkozat a dataprotectionsolutions.hu weboldalhoz A Data Protection Solutions elk\u00f6telezett a digit\u00e1lis akad\u00e1lymentess\u00e9g biztos\u00edt\u00e1sa ir\u00e1nt a fogyat\u00e9koss\u00e1ggal \u00e9l\u0151 szem\u00e9lyek sz\u00e1m\u00e1ra. Folyamatosan dolgozunk a felhaszn\u00e1l\u00f3i \u00e9lm\u00e9ny jav\u00edt\u00e1s\u00e1n mindenki sz\u00e1m\u00e1ra, \u00e9s alkalmazzuk a vonatkoz\u00f3 akad\u00e1lymentess\u00e9gi szabv\u00e1nyokat. Megfelel\u0151s\u00e9gi \u00e1llapot A Web Content Accessibility Guidelines (WCAG) ir\u00e1nyelvek meghat\u00e1rozz\u00e1k azokat a k\u00f6vetelm\u00e9nyeket, amelyek seg\u00edtik a tervez\u0151ket \u00e9s [&hellip;]\" \/>\n<meta property=\"og:url\" content=\"https:\/\/dataprotectionsolutions.hu\/en\/accessibility-statement\/\" \/>\n<meta property=\"og:site_name\" content=\"Data Protection Solutions\" \/>\n<meta property=\"article:modified_time\" content=\"2026-03-03T20:51:33+00:00\" \/>\n<meta name=\"twitter:card\" content=\"summary_large_image\" \/>\n<meta name=\"twitter:label1\" content=\"Est. reading time\" \/>\n\t<meta name=\"twitter:data1\" content=\"3 minutes\" \/>\n<script type=\"application\/ld+json\" class=\"yoast-schema-graph\">{\"@context\":\"https:\\\/\\\/schema.org\",\"@graph\":[{\"@type\":\"WebPage\",\"@id\":\"https:\\\/\\\/dataprotectionsolutions.hu\\\/accessibility-statement\\\/\",\"url\":\"https:\\\/\\\/dataprotectionsolutions.hu\\\/accessibility-statement\\\/\",\"name\":\"Accessibility statement &#8212; Data Protection Solutions\",\"isPartOf\":{\"@id\":\"https:\\\/\\\/dataprotectionsolutions.hu\\\/#website\"},\"datePublished\":\"2026-03-03T20:47:28+00:00\",\"dateModified\":\"2026-03-03T20:51:33+00:00\",\"breadcrumb\":{\"@id\":\"https:\\\/\\\/dataprotectionsolutions.hu\\\/accessibility-statement\\\/#breadcrumb\"},\"inLanguage\":\"en-US\",\"potentialAction\":[{\"@type\":\"ReadAction\",\"target\":[\"https:\\\/\\\/dataprotectionsolutions.hu\\\/accessibility-statement\\\/\"]}]},{\"@type\":\"BreadcrumbList\",\"@id\":\"https:\\\/\\\/dataprotectionsolutions.hu\\\/accessibility-statement\\\/#breadcrumb\",\"itemListElement\":[{\"@type\":\"ListItem\",\"position\":1,\"name\":\"Kezd\u0151lap\",\"item\":\"https:\\\/\\\/dataprotectionsolutions.hu\\\/\"},{\"@type\":\"ListItem\",\"position\":2,\"name\":\"Accessibility statement\"}]},{\"@type\":\"WebSite\",\"@id\":\"https:\\\/\\\/dataprotectionsolutions.hu\\\/#website\",\"url\":\"https:\\\/\\\/dataprotectionsolutions.hu\\\/\",\"name\":\"Data Protection Solutions\",\"description\":\"Adatv\u00e9delmi tan\u00e1csad\u00e1s\",\"publisher\":{\"@id\":\"https:\\\/\\\/dataprotectionsolutions.hu\\\/#organization\"},\"potentialAction\":[{\"@type\":\"SearchAction\",\"target\":{\"@type\":\"EntryPoint\",\"urlTemplate\":\"https:\\\/\\\/dataprotectionsolutions.hu\\\/?s={search_term_string}\"},\"query-input\":{\"@type\":\"PropertyValueSpecification\",\"valueRequired\":true,\"valueName\":\"search_term_string\"}}],\"inLanguage\":\"en-US\"},{\"@type\":\"Organization\",\"@id\":\"https:\\\/\\\/dataprotectionsolutions.hu\\\/#organization\",\"name\":\"Data Protection Solutions\",\"url\":\"https:\\\/\\\/dataprotectionsolutions.hu\\\/\",\"logo\":{\"@type\":\"ImageObject\",\"inLanguage\":\"en-US\",\"@id\":\"https:\\\/\\\/dataprotectionsolutions.hu\\\/#\\\/schema\\\/logo\\\/image\\\/\",\"url\":\"https:\\\/\\\/dataprotectionsolutions.hu\\\/wp-content\\\/uploads\\\/2021\\\/06\\\/logo_finalkek_szoveggel-hatter.png\",\"contentUrl\":\"https:\\\/\\\/dataprotectionsolutions.hu\\\/wp-content\\\/uploads\\\/2021\\\/06\\\/logo_finalkek_szoveggel-hatter.png\",\"width\":1605,\"height\":1560,\"caption\":\"Data Protection Solutions\"},\"image\":{\"@id\":\"https:\\\/\\\/dataprotectionsolutions.hu\\\/#\\\/schema\\\/logo\\\/image\\\/\"}}]}<\/script>\n<!-- \/ Yoast SEO plugin. -->","yoast_head_json":{"title":"Accessibility statement &#8212; Data Protection Solutions","robots":{"index":"index","follow":"follow","max-snippet":"max-snippet:-1","max-image-preview":"max-image-preview:large","max-video-preview":"max-video-preview:-1"},"canonical":"https:\/\/dataprotectionsolutions.hu\/en\/accessibility-statement\/","og_locale":"en_US","og_type":"article","og_title":"Accessibility statement &#8212; Data Protection Solutions","og_description":"Magyar nyelv\u0171 nyilatkozat Akad\u00e1lymentess\u00e9gi nyilatkozat a dataprotectionsolutions.hu weboldalhoz A Data Protection Solutions elk\u00f6telezett a digit\u00e1lis akad\u00e1lymentess\u00e9g biztos\u00edt\u00e1sa ir\u00e1nt a fogyat\u00e9koss\u00e1ggal \u00e9l\u0151 szem\u00e9lyek sz\u00e1m\u00e1ra. Folyamatosan dolgozunk a felhaszn\u00e1l\u00f3i \u00e9lm\u00e9ny jav\u00edt\u00e1s\u00e1n mindenki sz\u00e1m\u00e1ra, \u00e9s alkalmazzuk a vonatkoz\u00f3 akad\u00e1lymentess\u00e9gi szabv\u00e1nyokat. Megfelel\u0151s\u00e9gi \u00e1llapot A Web Content Accessibility Guidelines (WCAG) ir\u00e1nyelvek meghat\u00e1rozz\u00e1k azokat a k\u00f6vetelm\u00e9nyeket, amelyek seg\u00edtik a tervez\u0151ket \u00e9s [&hellip;]","og_url":"https:\/\/dataprotectionsolutions.hu\/en\/accessibility-statement\/","og_site_name":"Data Protection Solutions","article_modified_time":"2026-03-03T20:51:33+00:00","twitter_card":"summary_large_image","twitter_misc":{"Est. reading time":"3 minutes"},"schema":{"@context":"https:\/\/schema.org","@graph":[{"@type":"WebPage","@id":"https:\/\/dataprotectionsolutions.hu\/accessibility-statement\/","url":"https:\/\/dataprotectionsolutions.hu\/accessibility-statement\/","name":"Accessibility statement &#8212; Data Protection Solutions","isPartOf":{"@id":"https:\/\/dataprotectionsolutions.hu\/#website"},"datePublished":"2026-03-03T20:47:28+00:00","dateModified":"2026-03-03T20:51:33+00:00","breadcrumb":{"@id":"https:\/\/dataprotectionsolutions.hu\/accessibility-statement\/#breadcrumb"},"inLanguage":"en-US","potentialAction":[{"@type":"ReadAction","target":["https:\/\/dataprotectionsolutions.hu\/accessibility-statement\/"]}]},{"@type":"BreadcrumbList","@id":"https:\/\/dataprotectionsolutions.hu\/accessibility-statement\/#breadcrumb","itemListElement":[{"@type":"ListItem","position":1,"name":"Kezd\u0151lap","item":"https:\/\/dataprotectionsolutions.hu\/"},{"@type":"ListItem","position":2,"name":"Accessibility statement"}]},{"@type":"WebSite","@id":"https:\/\/dataprotectionsolutions.hu\/#website","url":"https:\/\/dataprotectionsolutions.hu\/","name":"Data Protection Solutions","description":"Data protection consultancy","publisher":{"@id":"https:\/\/dataprotectionsolutions.hu\/#organization"},"potentialAction":[{"@type":"SearchAction","target":{"@type":"EntryPoint","urlTemplate":"https:\/\/dataprotectionsolutions.hu\/?s={search_term_string}"},"query-input":{"@type":"PropertyValueSpecification","valueRequired":true,"valueName":"search_term_string"}}],"inLanguage":"en-US"},{"@type":"Organization","@id":"https:\/\/dataprotectionsolutions.hu\/#organization","name":"Data Protection Solutions","url":"https:\/\/dataprotectionsolutions.hu\/","logo":{"@type":"ImageObject","inLanguage":"en-US","@id":"https:\/\/dataprotectionsolutions.hu\/#\/schema\/logo\/image\/","url":"https:\/\/dataprotectionsolutions.hu\/wp-content\/uploads\/2021\/06\/logo_finalkek_szoveggel-hatter.png","contentUrl":"https:\/\/dataprotectionsolutions.hu\/wp-content\/uploads\/2021\/06\/logo_finalkek_szoveggel-hatter.png","width":1605,"height":1560,"caption":"Data Protection Solutions"},"image":{"@id":"https:\/\/dataprotectionsolutions.hu\/#\/schema\/logo\/image\/"}}]}},"_links":{"self":[{"href":"https:\/\/dataprotectionsolutions.hu\/en\/wp-json\/wp\/v2\/pages\/5880","targetHints":{"allow":["GET"]}}],"collection":[{"href":"https:\/\/dataprotectionsolutions.hu\/en\/wp-json\/wp\/v2\/pages"}],"about":[{"href":"https:\/\/dataprotectionsolutions.hu\/en\/wp-json\/wp\/v2\/types\/page"}],"author":[{"embeddable":true,"href":"https:\/\/dataprotectionsolutions.hu\/en\/wp-json\/wp\/v2\/users\/1"}],"replies":[{"embeddable":true,"href":"https:\/\/dataprotectionsolutions.hu\/en\/wp-json\/wp\/v2\/comments?post=5880"}],"version-history":[{"count":2,"href":"https:\/\/dataprotectionsolutions.hu\/en\/wp-json\/wp\/v2\/pages\/5880\/revisions"}],"predecessor-version":[{"id":5883,"href":"https:\/\/dataprotectionsolutions.hu\/en\/wp-json\/wp\/v2\/pages\/5880\/revisions\/5883"}],"wp:attachment":[{"href":"https:\/\/dataprotectionsolutions.hu\/en\/wp-json\/wp\/v2\/media?parent=5880"}],"curies":[{"name":"wp","href":"https:\/\/api.w.org\/{rel}","templated":true}]}}