{"id":3209,"date":"2021-06-21T11:20:58","date_gmt":"2021-06-21T11:20:58","guid":{"rendered":"https:\/\/dataprotectionsolutions.hu\/?page_id=3209"},"modified":"2021-07-20T08:11:16","modified_gmt":"2021-07-20T08:11:16","slug":"miert-erdemes-szakertore-bizni-az-adatvedelmi-megfelelest","status":"publish","type":"page","link":"https:\/\/dataprotectionsolutions.hu\/en\/miert-erdemes-szakertore-bizni-az-adatvedelmi-megfelelest\/","title":{"rendered":"Mi\u00e9rt \u00e9rdemes szak\u00e9rt\u0151re b\u00edzni az adatv\u00e9delmi megfelel\u00e9st?"},"content":{"rendered":"<div data-elementor-type=\"wp-page\" data-elementor-id=\"3209\" class=\"elementor elementor-3209\">\n\t\t\t\t\t\t<section class=\"elementor-section elementor-top-section elementor-element elementor-element-52b995ad elementor-section-height-full elementor-section-boxed elementor-section-height-default elementor-section-items-middle\" data-id=\"52b995ad\" data-element_type=\"section\" data-e-type=\"section\" data-settings=\"{&quot;background_background&quot;:&quot;classic&quot;}\">\n\t\t\t\t\t\t\t<div class=\"elementor-background-overlay\"><\/div>\n\t\t\t\t\t\t\t<div class=\"elementor-container elementor-column-gap-no\">\n\t\t\t\t\t<div class=\"elementor-column elementor-col-100 elementor-top-column elementor-element elementor-element-2d80e00c\" data-id=\"2d80e00c\" data-element_type=\"column\" data-e-type=\"column\">\n\t\t\t<div class=\"elementor-widget-wrap elementor-element-populated\">\n\t\t\t\t\t\t<div class=\"elementor-element elementor-element-5ee35253 animated-fast elementor-widget elementor-widget-heading\" data-id=\"5ee35253\" data-element_type=\"widget\" data-e-type=\"widget\" data-settings=\"{&quot;_animation_delay&quot;:0,&quot;_animation&quot;:&quot;none&quot;}\" data-widget_type=\"heading.default\">\n\t\t\t\t<div class=\"elementor-widget-container\">\n\t\t\t\t\t<h1 class=\"elementor-heading-title elementor-size-xxl\">Mi\u00e9rt \u00e9rdemes szak\u00e9rt\u0151re b\u00edzni az adatv\u00e9delmi megfelel\u00e9st?<\/h1>\t\t\t\t<\/div>\n\t\t\t\t<\/div>\n\t\t\t\t\t<\/div>\n\t\t<\/div>\n\t\t\t\t\t<\/div>\n\t\t<\/section>\n\t\t\t\t<section class=\"elementor-section elementor-top-section elementor-element elementor-element-9f4c73f elementor-section-boxed elementor-section-height-default elementor-section-height-default\" data-id=\"9f4c73f\" data-element_type=\"section\" data-e-type=\"section\">\n\t\t\t\t\t\t<div class=\"elementor-container elementor-column-gap-default\">\n\t\t\t\t\t<div class=\"elementor-column elementor-col-100 elementor-top-column elementor-element elementor-element-35aff07\" data-id=\"35aff07\" data-element_type=\"column\" data-e-type=\"column\">\n\t\t\t<div class=\"elementor-widget-wrap elementor-element-populated\">\n\t\t\t\t\t\t<div class=\"elementor-element elementor-element-c6dc8ed elementor-widget elementor-widget-spacer\" data-id=\"c6dc8ed\" data-element_type=\"widget\" data-e-type=\"widget\" data-widget_type=\"spacer.default\">\n\t\t\t\t<div class=\"elementor-widget-container\">\n\t\t\t\t\t\t\t<div class=\"elementor-spacer\">\n\t\t\t<div class=\"elementor-spacer-inner\"><\/div>\n\t\t<\/div>\n\t\t\t\t\t\t<\/div>\n\t\t\t\t<\/div>\n\t\t\t\t\t<\/div>\n\t\t<\/div>\n\t\t\t\t\t<\/div>\n\t\t<\/section>\n\t\t\t\t<section class=\"elementor-section elementor-top-section elementor-element elementor-element-904394c elementor-section-boxed elementor-section-height-default elementor-section-height-default\" data-id=\"904394c\" data-element_type=\"section\" data-e-type=\"section\">\n\t\t\t\t\t\t<div class=\"elementor-container elementor-column-gap-default\">\n\t\t\t\t\t<div class=\"elementor-column elementor-col-100 elementor-top-column elementor-element elementor-element-f564154\" data-id=\"f564154\" data-element_type=\"column\" data-e-type=\"column\">\n\t\t\t<div class=\"elementor-widget-wrap elementor-element-populated\">\n\t\t\t\t\t\t<div class=\"elementor-element elementor-element-e95c15a elementor-widget elementor-widget-text-editor\" data-id=\"e95c15a\" data-element_type=\"widget\" data-e-type=\"widget\" data-widget_type=\"text-editor.default\">\n\t\t\t\t<div class=\"elementor-widget-container\">\n\t\t\t\t\t\t\t\t\t<p><span style=\"font-weight: 400;\">Gyakran tal\u00e1lkozunk azzal a szeml\u00e9letm\u00f3ddal, hogy a v\u00e1llalkoz\u00e1sok nem akarj\u00e1k szak\u00e9rt\u0151kre b\u00edzni a <\/span><a href=\"https:\/\/eur-lex.europa.eu\/legal-content\/EN\/TXT\/HTML\/?uri=CELEX:32016R0679&amp;from=HU\"><span style=\"font-weight: 400;\">GDPR-nak <\/span><\/a><span style=\"font-weight: 400;\">val\u00f3 megfelel\u00e9s\u00fcket, mondv\u00e1n, hogy ezt a probl\u00e9m\u00e1t majd megoldja a webfejleszt\u0151, a k\u00f6nyvel\u0151, vagy majd let\u00f6ltenek valahonnan egy mint\u00e1t, ami teljes m\u00e9rt\u00e9kben megoldja majd ezt a probl\u00e9m\u00e1t.<\/span><\/p><p><span style=\"font-weight: 400;\">Sajnos ezek a megold\u00e1sok a gyakorlatban igen kev\u00e9sszer m\u0171k\u00f6d\u0151k\u00e9pesek, ennek az oka pedig egyszer\u0171: minden v\u00e1llalkoz\u00e1s m\u0171k\u00f6d\u00e9se egyedi. Ez term\u00e9szetesen nem jelenti azt, hogy p\u00e9ld\u00e1nak ok\u00e1\u00e9rt egy adatkezel\u00e9si t\u00e1j\u00e9koztat\u00f3 mint\u00e1val ne lehetne teljes m\u00e9rt\u00e9kben megfelelni a GDPR-b\u00f3l fakad\u00f3 t\u00e1j\u00e9koztat\u00e1si k\u00f6telezetts\u00e9geknek, ezzel azonban a v\u00e1llalkoz\u00e1s vagy feleslegesen korl\u00e1tozza saj\u00e1t tev\u00e9kenys\u00e9g\u00e9t az\u00e1ltal, hogy minden szem\u00e9lyes adatokhoz kapcsol\u00f3d\u00f3 tev\u00e9kenys\u00e9g\u00e9t egy m\u00e1r k\u00e9sz mint\u00e1nak rendel al\u00e1, vagy pedig szint\u00e9n felesleges kitetts\u00e9gnek teszi ki mag\u00e1t akkor, amikor elt\u00e9r a mint\u00e1ban tal\u00e1lhat\u00f3 jogszer\u0171 megold\u00e1sokt\u00f3l.<\/span><\/p><p>\u00a0<\/p><p style=\"text-align: center;\"><strong><span style=\"color: #000080;\">B\u00edzza szak\u00e9rt\u0151re a GDPR-nak val\u00f3 megfelel\u00e9st!<\/span><\/strong><\/p><p>\u00a0<\/p><p><span style=\"font-weight: 400;\">Ha szak\u00e9rt\u0151kre b\u00edzza az adatv\u00e9delmi el\u0151\u00edr\u00e1soknak val\u00f3 megfelel\u00e9st, akkor biztos lehet abban, hogy v\u00e1llalkoz\u00e1sa egyedi ig\u00e9nyeihez igaz\u00edtott adatv\u00e9delmi tan\u00e1csad\u00e1sban r\u00e9szes\u00fcl.<\/span><\/p><p>\u00a0<\/p><p style=\"text-align: center;\"><span style=\"color: #000080;\"><strong>Mi\u00e9rt j\u00f3 ez?<\/strong><\/span><\/p><p>\u00a0<\/p><p><span style=\"font-weight: 400;\">Legjobb esetben az\u00e9rt, mert folyamatain semmit sem kell v\u00e1ltoztatni \u00e9s el\u00e9rheti a 100%-os GDPR-nak val\u00f3 megfelel\u00e9st. Amennyiben viszont valamilyen jogellenes gyakorlatot folytat, ami eset\u00e9n ak\u00e1r komoly k\u00f6zigazgat\u00e1si b\u00edrs\u00e1gra is sz\u00e1m\u00edthat, a felm\u00e9r\u00e9s sor\u00e1n erre f\u00e9ny der\u00fcl \u00e9s a tan\u00e1csad\u00e1s alkalm\u00e1val jogszer\u0171 alternat\u00edv\u00e1t kaphat az azonos c\u00e9l el\u00e9r\u00e9s\u00e9re.<\/span><\/p><p><em><span style=\"font-weight: 400;\">Vegye ig\u00e9nybe ingyenes adatv\u00e9delmi felm\u00e9r\u00e9s\u00fcnket \u00e9s kezdje el a GDPR-nak val\u00f3 megfelel\u00e9st a Data Protection Solutions-zel.<\/span><\/em><\/p><p><span style=\"font-weight: 400;\">\u00a0<\/span><\/p><p><span style=\"font-weight: 400;\">info@dataprotectionsolutions.hu<\/span><\/p><p style=\"text-align: right;\"><span style=\"color: #000080;\"><em><span style=\"font-weight: 400;\">\u00a0Data Protection Solutions csapata<\/span><\/em><\/span><\/p>\t\t\t\t\t\t\t\t<\/div>\n\t\t\t\t<\/div>\n\t\t\t\t\t<\/div>\n\t\t<\/div>\n\t\t\t\t\t<\/div>\n\t\t<\/section>\n\t\t\t\t<section class=\"elementor-section elementor-top-section elementor-element elementor-element-beb2b0c elementor-section-boxed elementor-section-height-default elementor-section-height-default\" data-id=\"beb2b0c\" data-element_type=\"section\" data-e-type=\"section\">\n\t\t\t\t\t\t<div class=\"elementor-container elementor-column-gap-default\">\n\t\t\t\t\t<div class=\"elementor-column elementor-col-100 elementor-top-column elementor-element elementor-element-8a100af\" data-id=\"8a100af\" data-element_type=\"column\" data-e-type=\"column\">\n\t\t\t<div class=\"elementor-widget-wrap elementor-element-populated\">\n\t\t\t\t\t\t<div class=\"elementor-element elementor-element-657446a elementor-align-center elementor-widget elementor-widget-button\" data-id=\"657446a\" data-element_type=\"widget\" data-e-type=\"widget\" data-widget_type=\"button.default\">\n\t\t\t\t<div class=\"elementor-widget-container\">\n\t\t\t\t\t\t\t\t\t<div class=\"elementor-button-wrapper\">\n\t\t\t\t\t<a class=\"elementor-button elementor-button-link elementor-size-sm\" href=\"https:\/\/dataprotectionsolutions.hu\/en\/kapcsolat\/\">\n\t\t\t\t\t\t<span class=\"elementor-button-content-wrapper\">\n\t\t\t\t\t\t\t\t\t<span class=\"elementor-button-text\">Kapcsolatfelv\u00e9tel<\/span>\n\t\t\t\t\t<\/span>\n\t\t\t\t\t<\/a>\n\t\t\t\t<\/div>\n\t\t\t\t\t\t\t\t<\/div>\n\t\t\t\t<\/div>\n\t\t\t\t\t<\/div>\n\t\t<\/div>\n\t\t\t\t\t<\/div>\n\t\t<\/section>\n\t\t\t\t<section class=\"elementor-section elementor-top-section elementor-element elementor-element-bcda205 elementor-section-boxed elementor-section-height-default elementor-section-height-default\" data-id=\"bcda205\" data-element_type=\"section\" data-e-type=\"section\">\n\t\t\t\t\t\t<div class=\"elementor-container elementor-column-gap-default\">\n\t\t\t\t\t<div class=\"elementor-column elementor-col-100 elementor-top-column elementor-element elementor-element-629d3bb\" data-id=\"629d3bb\" data-element_type=\"column\" data-e-type=\"column\">\n\t\t\t<div class=\"elementor-widget-wrap elementor-element-populated\">\n\t\t\t\t\t\t<div class=\"elementor-element elementor-element-3e7703c elementor-widget elementor-widget-spacer\" data-id=\"3e7703c\" data-element_type=\"widget\" data-e-type=\"widget\" data-widget_type=\"spacer.default\">\n\t\t\t\t<div class=\"elementor-widget-container\">\n\t\t\t\t\t\t\t<div class=\"elementor-spacer\">\n\t\t\t<div class=\"elementor-spacer-inner\"><\/div>\n\t\t<\/div>\n\t\t\t\t\t\t<\/div>\n\t\t\t\t<\/div>\n\t\t\t\t\t<\/div>\n\t\t<\/div>\n\t\t\t\t\t<\/div>\n\t\t<\/section>\n\t\t\t\t<\/div>","protected":false},"excerpt":{"rendered":"<p>Mi\u00e9rt \u00e9rdemes szak\u00e9rt\u0151re b\u00edzni az adatv\u00e9delmi megfelel\u00e9st? Gyakran tal\u00e1lkozunk azzal a szeml\u00e9letm\u00f3ddal, hogy a v\u00e1llalkoz\u00e1sok nem akarj\u00e1k szak\u00e9rt\u0151kre b\u00edzni a GDPR-nak val\u00f3 megfelel\u00e9s\u00fcket, mondv\u00e1n, hogy ezt a probl\u00e9m\u00e1t majd megoldja a webfejleszt\u0151, a k\u00f6nyvel\u0151, vagy majd let\u00f6ltenek valahonnan egy mint\u00e1t, ami teljes m\u00e9rt\u00e9kben megoldja majd ezt a probl\u00e9m\u00e1t. Sajnos ezek a megold\u00e1sok a gyakorlatban igen [&hellip;]<\/p>\n","protected":false},"author":1,"featured_media":0,"parent":0,"menu_order":0,"comment_status":"closed","ping_status":"closed","template":"","meta":{"site-sidebar-layout":"no-sidebar","site-content-layout":"page-builder","ast-site-content-layout":"default","site-content-style":"default","site-sidebar-style":"default","ast-global-header-display":"","ast-banner-title-visibility":"","ast-main-header-display":"","ast-hfb-above-header-display":"","ast-hfb-below-header-display":"","ast-hfb-mobile-header-display":"","site-post-title":"disabled","ast-breadcrumbs-content":"","ast-featured-img":"disabled","footer-sml-layout":"","ast-disable-related-posts":"","theme-transparent-header-meta":"default","adv-header-id-meta":"","stick-header-meta":"","header-above-stick-meta":"","header-main-stick-meta":"","header-below-stick-meta":"","astra-migrate-meta-layouts":"default","ast-page-background-enabled":"default","ast-page-background-meta":{"desktop":{"background-color":"var(--ast-global-color-4)","background-image":"","background-repeat":"repeat","background-position":"center center","background-size":"auto","background-attachment":"scroll","background-type":"","background-media":"","overlay-type":"","overlay-color":"","overlay-opacity":"","overlay-gradient":""},"tablet":{"background-color":"","background-image":"","background-repeat":"repeat","background-position":"center center","background-size":"auto","background-attachment":"scroll","background-type":"","background-media":"","overlay-type":"","overlay-color":"","overlay-opacity":"","overlay-gradient":""},"mobile":{"background-color":"","background-image":"","background-repeat":"repeat","background-position":"center center","background-size":"auto","background-attachment":"scroll","background-type":"","background-media":"","overlay-type":"","overlay-color":"","overlay-opacity":"","overlay-gradient":""}},"ast-content-background-meta":{"desktop":{"background-color":"var(--ast-global-color-5)","background-image":"","background-repeat":"repeat","background-position":"center center","background-size":"auto","background-attachment":"scroll","background-type":"","background-media":"","overlay-type":"","overlay-color":"","overlay-opacity":"","overlay-gradient":""},"tablet":{"background-color":"var(--ast-global-color-5)","background-image":"","background-repeat":"repeat","background-position":"center center","background-size":"auto","background-attachment":"scroll","background-type":"","background-media":"","overlay-type":"","overlay-color":"","overlay-opacity":"","overlay-gradient":""},"mobile":{"background-color":"var(--ast-global-color-5)","background-image":"","background-repeat":"repeat","background-position":"center center","background-size":"auto","background-attachment":"scroll","background-type":"","background-media":"","overlay-type":"","overlay-color":"","overlay-opacity":"","overlay-gradient":""}},"footnotes":""},"class_list":["post-3209","page","type-page","status-publish","hentry"],"yoast_head":"<!-- This site is optimized with the Yoast SEO plugin v27.4 - https:\/\/yoast.com\/product\/yoast-seo-wordpress\/ -->\n<title>Mi\u00e9rt \u00e9rdemes szak\u00e9rt\u0151re b\u00edzni az adatv\u00e9delmi megfelel\u00e9st? &#8212; Data Protection Solutions<\/title>\n<meta name=\"robots\" content=\"index, follow, max-snippet:-1, max-image-preview:large, max-video-preview:-1\" \/>\n<link rel=\"canonical\" href=\"https:\/\/dataprotectionsolutions.hu\/en\/miert-erdemes-szakertore-bizni-az-adatvedelmi-megfelelest\/\" \/>\n<meta property=\"og:locale\" content=\"en_US\" \/>\n<meta property=\"og:type\" content=\"article\" \/>\n<meta property=\"og:title\" content=\"Mi\u00e9rt \u00e9rdemes szak\u00e9rt\u0151re b\u00edzni az adatv\u00e9delmi megfelel\u00e9st? &#8212; Data Protection Solutions\" \/>\n<meta property=\"og:description\" content=\"Mi\u00e9rt \u00e9rdemes szak\u00e9rt\u0151re b\u00edzni az adatv\u00e9delmi megfelel\u00e9st? Gyakran tal\u00e1lkozunk azzal a szeml\u00e9letm\u00f3ddal, hogy a v\u00e1llalkoz\u00e1sok nem akarj\u00e1k szak\u00e9rt\u0151kre b\u00edzni a GDPR-nak val\u00f3 megfelel\u00e9s\u00fcket, mondv\u00e1n, hogy ezt a probl\u00e9m\u00e1t majd megoldja a webfejleszt\u0151, a k\u00f6nyvel\u0151, vagy majd let\u00f6ltenek valahonnan egy mint\u00e1t, ami teljes m\u00e9rt\u00e9kben megoldja majd ezt a probl\u00e9m\u00e1t. Sajnos ezek a megold\u00e1sok a gyakorlatban igen [&hellip;]\" \/>\n<meta property=\"og:url\" content=\"https:\/\/dataprotectionsolutions.hu\/en\/miert-erdemes-szakertore-bizni-az-adatvedelmi-megfelelest\/\" \/>\n<meta property=\"og:site_name\" content=\"Data Protection Solutions\" \/>\n<meta property=\"article:modified_time\" content=\"2021-07-20T08:11:16+00:00\" \/>\n<meta name=\"twitter:card\" content=\"summary_large_image\" \/>\n<meta name=\"twitter:label1\" content=\"Est. reading time\" \/>\n\t<meta name=\"twitter:data1\" content=\"2 minutes\" \/>\n<script type=\"application\/ld+json\" class=\"yoast-schema-graph\">{\"@context\":\"https:\\\/\\\/schema.org\",\"@graph\":[{\"@type\":\"WebPage\",\"@id\":\"https:\\\/\\\/dataprotectionsolutions.hu\\\/miert-erdemes-szakertore-bizni-az-adatvedelmi-megfelelest\\\/\",\"url\":\"https:\\\/\\\/dataprotectionsolutions.hu\\\/miert-erdemes-szakertore-bizni-az-adatvedelmi-megfelelest\\\/\",\"name\":\"Mi\u00e9rt \u00e9rdemes szak\u00e9rt\u0151re b\u00edzni az adatv\u00e9delmi megfelel\u00e9st? &#8212; Data Protection Solutions\",\"isPartOf\":{\"@id\":\"https:\\\/\\\/dataprotectionsolutions.hu\\\/#website\"},\"datePublished\":\"2021-06-21T11:20:58+00:00\",\"dateModified\":\"2021-07-20T08:11:16+00:00\",\"breadcrumb\":{\"@id\":\"https:\\\/\\\/dataprotectionsolutions.hu\\\/miert-erdemes-szakertore-bizni-az-adatvedelmi-megfelelest\\\/#breadcrumb\"},\"inLanguage\":\"en-US\",\"potentialAction\":[{\"@type\":\"ReadAction\",\"target\":[\"https:\\\/\\\/dataprotectionsolutions.hu\\\/miert-erdemes-szakertore-bizni-az-adatvedelmi-megfelelest\\\/\"]}]},{\"@type\":\"BreadcrumbList\",\"@id\":\"https:\\\/\\\/dataprotectionsolutions.hu\\\/miert-erdemes-szakertore-bizni-az-adatvedelmi-megfelelest\\\/#breadcrumb\",\"itemListElement\":[{\"@type\":\"ListItem\",\"position\":1,\"name\":\"Kezd\u0151lap\",\"item\":\"https:\\\/\\\/dataprotectionsolutions.hu\\\/\"},{\"@type\":\"ListItem\",\"position\":2,\"name\":\"Mi\u00e9rt \u00e9rdemes szak\u00e9rt\u0151re b\u00edzni az adatv\u00e9delmi megfelel\u00e9st?\"}]},{\"@type\":\"WebSite\",\"@id\":\"https:\\\/\\\/dataprotectionsolutions.hu\\\/#website\",\"url\":\"https:\\\/\\\/dataprotectionsolutions.hu\\\/\",\"name\":\"Data Protection Solutions\",\"description\":\"Adatv\u00e9delmi tan\u00e1csad\u00e1s\",\"publisher\":{\"@id\":\"https:\\\/\\\/dataprotectionsolutions.hu\\\/#organization\"},\"potentialAction\":[{\"@type\":\"SearchAction\",\"target\":{\"@type\":\"EntryPoint\",\"urlTemplate\":\"https:\\\/\\\/dataprotectionsolutions.hu\\\/?s={search_term_string}\"},\"query-input\":{\"@type\":\"PropertyValueSpecification\",\"valueRequired\":true,\"valueName\":\"search_term_string\"}}],\"inLanguage\":\"en-US\"},{\"@type\":\"Organization\",\"@id\":\"https:\\\/\\\/dataprotectionsolutions.hu\\\/#organization\",\"name\":\"Data Protection Solutions\",\"url\":\"https:\\\/\\\/dataprotectionsolutions.hu\\\/\",\"logo\":{\"@type\":\"ImageObject\",\"inLanguage\":\"en-US\",\"@id\":\"https:\\\/\\\/dataprotectionsolutions.hu\\\/#\\\/schema\\\/logo\\\/image\\\/\",\"url\":\"https:\\\/\\\/dataprotectionsolutions.hu\\\/wp-content\\\/uploads\\\/2021\\\/06\\\/logo_finalkek_szoveggel-hatter.png\",\"contentUrl\":\"https:\\\/\\\/dataprotectionsolutions.hu\\\/wp-content\\\/uploads\\\/2021\\\/06\\\/logo_finalkek_szoveggel-hatter.png\",\"width\":1605,\"height\":1560,\"caption\":\"Data Protection Solutions\"},\"image\":{\"@id\":\"https:\\\/\\\/dataprotectionsolutions.hu\\\/#\\\/schema\\\/logo\\\/image\\\/\"}}]}<\/script>\n<!-- \/ Yoast SEO plugin. -->","yoast_head_json":{"title":"Mi\u00e9rt \u00e9rdemes szak\u00e9rt\u0151re b\u00edzni az adatv\u00e9delmi megfelel\u00e9st? &#8212; Data Protection Solutions","robots":{"index":"index","follow":"follow","max-snippet":"max-snippet:-1","max-image-preview":"max-image-preview:large","max-video-preview":"max-video-preview:-1"},"canonical":"https:\/\/dataprotectionsolutions.hu\/en\/miert-erdemes-szakertore-bizni-az-adatvedelmi-megfelelest\/","og_locale":"en_US","og_type":"article","og_title":"Mi\u00e9rt \u00e9rdemes szak\u00e9rt\u0151re b\u00edzni az adatv\u00e9delmi megfelel\u00e9st? &#8212; Data Protection Solutions","og_description":"Mi\u00e9rt \u00e9rdemes szak\u00e9rt\u0151re b\u00edzni az adatv\u00e9delmi megfelel\u00e9st? Gyakran tal\u00e1lkozunk azzal a szeml\u00e9letm\u00f3ddal, hogy a v\u00e1llalkoz\u00e1sok nem akarj\u00e1k szak\u00e9rt\u0151kre b\u00edzni a GDPR-nak val\u00f3 megfelel\u00e9s\u00fcket, mondv\u00e1n, hogy ezt a probl\u00e9m\u00e1t majd megoldja a webfejleszt\u0151, a k\u00f6nyvel\u0151, vagy majd let\u00f6ltenek valahonnan egy mint\u00e1t, ami teljes m\u00e9rt\u00e9kben megoldja majd ezt a probl\u00e9m\u00e1t. Sajnos ezek a megold\u00e1sok a gyakorlatban igen [&hellip;]","og_url":"https:\/\/dataprotectionsolutions.hu\/en\/miert-erdemes-szakertore-bizni-az-adatvedelmi-megfelelest\/","og_site_name":"Data Protection Solutions","article_modified_time":"2021-07-20T08:11:16+00:00","twitter_card":"summary_large_image","twitter_misc":{"Est. reading time":"2 minutes"},"schema":{"@context":"https:\/\/schema.org","@graph":[{"@type":"WebPage","@id":"https:\/\/dataprotectionsolutions.hu\/miert-erdemes-szakertore-bizni-az-adatvedelmi-megfelelest\/","url":"https:\/\/dataprotectionsolutions.hu\/miert-erdemes-szakertore-bizni-az-adatvedelmi-megfelelest\/","name":"Mi\u00e9rt \u00e9rdemes szak\u00e9rt\u0151re b\u00edzni az adatv\u00e9delmi megfelel\u00e9st? &#8212; Data Protection Solutions","isPartOf":{"@id":"https:\/\/dataprotectionsolutions.hu\/#website"},"datePublished":"2021-06-21T11:20:58+00:00","dateModified":"2021-07-20T08:11:16+00:00","breadcrumb":{"@id":"https:\/\/dataprotectionsolutions.hu\/miert-erdemes-szakertore-bizni-az-adatvedelmi-megfelelest\/#breadcrumb"},"inLanguage":"en-US","potentialAction":[{"@type":"ReadAction","target":["https:\/\/dataprotectionsolutions.hu\/miert-erdemes-szakertore-bizni-az-adatvedelmi-megfelelest\/"]}]},{"@type":"BreadcrumbList","@id":"https:\/\/dataprotectionsolutions.hu\/miert-erdemes-szakertore-bizni-az-adatvedelmi-megfelelest\/#breadcrumb","itemListElement":[{"@type":"ListItem","position":1,"name":"Kezd\u0151lap","item":"https:\/\/dataprotectionsolutions.hu\/"},{"@type":"ListItem","position":2,"name":"Mi\u00e9rt \u00e9rdemes szak\u00e9rt\u0151re b\u00edzni az adatv\u00e9delmi megfelel\u00e9st?"}]},{"@type":"WebSite","@id":"https:\/\/dataprotectionsolutions.hu\/#website","url":"https:\/\/dataprotectionsolutions.hu\/","name":"Data Protection Solutions","description":"Data protection consultancy","publisher":{"@id":"https:\/\/dataprotectionsolutions.hu\/#organization"},"potentialAction":[{"@type":"SearchAction","target":{"@type":"EntryPoint","urlTemplate":"https:\/\/dataprotectionsolutions.hu\/?s={search_term_string}"},"query-input":{"@type":"PropertyValueSpecification","valueRequired":true,"valueName":"search_term_string"}}],"inLanguage":"en-US"},{"@type":"Organization","@id":"https:\/\/dataprotectionsolutions.hu\/#organization","name":"Data Protection Solutions","url":"https:\/\/dataprotectionsolutions.hu\/","logo":{"@type":"ImageObject","inLanguage":"en-US","@id":"https:\/\/dataprotectionsolutions.hu\/#\/schema\/logo\/image\/","url":"https:\/\/dataprotectionsolutions.hu\/wp-content\/uploads\/2021\/06\/logo_finalkek_szoveggel-hatter.png","contentUrl":"https:\/\/dataprotectionsolutions.hu\/wp-content\/uploads\/2021\/06\/logo_finalkek_szoveggel-hatter.png","width":1605,"height":1560,"caption":"Data Protection Solutions"},"image":{"@id":"https:\/\/dataprotectionsolutions.hu\/#\/schema\/logo\/image\/"}}]}},"_links":{"self":[{"href":"https:\/\/dataprotectionsolutions.hu\/en\/wp-json\/wp\/v2\/pages\/3209","targetHints":{"allow":["GET"]}}],"collection":[{"href":"https:\/\/dataprotectionsolutions.hu\/en\/wp-json\/wp\/v2\/pages"}],"about":[{"href":"https:\/\/dataprotectionsolutions.hu\/en\/wp-json\/wp\/v2\/types\/page"}],"author":[{"embeddable":true,"href":"https:\/\/dataprotectionsolutions.hu\/en\/wp-json\/wp\/v2\/users\/1"}],"replies":[{"embeddable":true,"href":"https:\/\/dataprotectionsolutions.hu\/en\/wp-json\/wp\/v2\/comments?post=3209"}],"version-history":[{"count":0,"href":"https:\/\/dataprotectionsolutions.hu\/en\/wp-json\/wp\/v2\/pages\/3209\/revisions"}],"wp:attachment":[{"href":"https:\/\/dataprotectionsolutions.hu\/en\/wp-json\/wp\/v2\/media?parent=3209"}],"curies":[{"name":"wp","href":"https:\/\/api.w.org\/{rel}","templated":true}]}}