{"id":2271,"date":"2021-03-17T10:34:22","date_gmt":"2021-03-17T10:34:22","guid":{"rendered":"https:\/\/dataprotectionsolutions.hu\/?page_id=2271"},"modified":"2024-05-21T09:56:26","modified_gmt":"2024-05-21T09:56:26","slug":"privacy-policy","status":"publish","type":"page","link":"https:\/\/dataprotectionsolutions.hu\/en\/privacy-policy\/","title":{"rendered":"Adatkezel\u00e9si T\u00e1j\u00e9koztat\u00f3 &#8211; \u00dczletviteli Tan\u00e1csad\u00e1s"},"content":{"rendered":"<div data-elementor-type=\"wp-page\" data-elementor-id=\"2271\" class=\"elementor elementor-2271\">\n\t\t\t\t\t\t<section class=\"elementor-section elementor-top-section elementor-element elementor-element-a0a8ad2 elementor-section-full_width elementor-section-height-min-height elementor-section-height-default elementor-section-items-middle\" data-id=\"a0a8ad2\" data-element_type=\"section\" data-e-type=\"section\" data-settings=\"{&quot;background_background&quot;:&quot;classic&quot;}\">\n\t\t\t\t\t\t\t<div class=\"elementor-background-overlay\"><\/div>\n\t\t\t\t\t\t\t<div class=\"elementor-container elementor-column-gap-extended\">\n\t\t\t\t\t<div class=\"elementor-column elementor-col-100 elementor-top-column elementor-element elementor-element-f389541 animated-fast\" data-id=\"f389541\" data-element_type=\"column\" data-e-type=\"column\" data-settings=\"{&quot;animation&quot;:&quot;none&quot;}\">\n\t\t\t<div class=\"elementor-widget-wrap elementor-element-populated\">\n\t\t\t\t\t\t<div class=\"elementor-element elementor-element-20e1c4e elementor-widget elementor-widget-heading\" data-id=\"20e1c4e\" data-element_type=\"widget\" data-e-type=\"widget\" data-settings=\"{&quot;_animation_delay&quot;:0,&quot;_animation&quot;:&quot;none&quot;,&quot;_animation_tablet&quot;:&quot;none&quot;,&quot;_animation_mobile&quot;:&quot;none&quot;}\" data-widget_type=\"heading.default\">\n\t\t\t\t<div class=\"elementor-widget-container\">\n\t\t\t\t\t<h1 class=\"elementor-heading-title elementor-size-small\">A szolg\u00e1ltat\u00e1s adatkezel\u00e9si t\u00e1j\u00e9koztat\u00f3ja<br>Privacy Policy of the services offered<\/h1>\t\t\t\t<\/div>\n\t\t\t\t<\/div>\n\t\t\t\t\t<\/div>\n\t\t<\/div>\n\t\t\t\t\t<\/div>\n\t\t<\/section>\n\t\t\t\t<section class=\"elementor-section elementor-top-section elementor-element elementor-element-9223d89 elementor-section-boxed elementor-section-height-default elementor-section-height-default\" data-id=\"9223d89\" data-element_type=\"section\" data-e-type=\"section\">\n\t\t\t\t\t\t<div class=\"elementor-container elementor-column-gap-default\">\n\t\t\t\t\t<div class=\"elementor-column elementor-col-100 elementor-top-column elementor-element elementor-element-5b3f9d4\" data-id=\"5b3f9d4\" data-element_type=\"column\" data-e-type=\"column\">\n\t\t\t<div class=\"elementor-widget-wrap elementor-element-populated\">\n\t\t\t\t\t\t<div class=\"elementor-element elementor-element-d8e6482 elementor-widget elementor-widget-spacer\" data-id=\"d8e6482\" data-element_type=\"widget\" data-e-type=\"widget\" data-widget_type=\"spacer.default\">\n\t\t\t\t<div class=\"elementor-widget-container\">\n\t\t\t\t\t\t\t<div class=\"elementor-spacer\">\n\t\t\t<div class=\"elementor-spacer-inner\"><\/div>\n\t\t<\/div>\n\t\t\t\t\t\t<\/div>\n\t\t\t\t<\/div>\n\t\t\t\t\t<\/div>\n\t\t<\/div>\n\t\t\t\t\t<\/div>\n\t\t<\/section>\n\t\t\t\t<section class=\"elementor-section elementor-top-section elementor-element elementor-element-f0fdf8c elementor-section-boxed elementor-section-height-default elementor-section-height-default\" data-id=\"f0fdf8c\" data-element_type=\"section\" data-e-type=\"section\">\n\t\t\t\t\t\t<div class=\"elementor-container elementor-column-gap-default\">\n\t\t\t\t\t<div class=\"elementor-column elementor-col-50 elementor-top-column elementor-element elementor-element-aa13380\" data-id=\"aa13380\" data-element_type=\"column\" data-e-type=\"column\">\n\t\t\t<div class=\"elementor-widget-wrap elementor-element-populated\">\n\t\t\t\t\t\t<div class=\"elementor-element elementor-element-990a963 elementor-widget elementor-widget-heading\" data-id=\"990a963\" data-element_type=\"widget\" data-e-type=\"widget\" data-widget_type=\"heading.default\">\n\t\t\t\t<div class=\"elementor-widget-container\">\n\t\t\t\t\t<h2 class=\"elementor-heading-title elementor-size-default\">Magyarul besz\u00e9l\u0151 \u00fcgyfeleink r\u00e9sz\u00e9re<\/h2>\t\t\t\t<\/div>\n\t\t\t\t<\/div>\n\t\t\t\t\t<\/div>\n\t\t<\/div>\n\t\t\t\t<div class=\"elementor-column elementor-col-50 elementor-top-column elementor-element elementor-element-ee3a356\" data-id=\"ee3a356\" data-element_type=\"column\" data-e-type=\"column\">\n\t\t\t<div class=\"elementor-widget-wrap elementor-element-populated\">\n\t\t\t\t\t\t<div class=\"elementor-element elementor-element-e477f76 elementor-widget elementor-widget-heading\" data-id=\"e477f76\" data-element_type=\"widget\" data-e-type=\"widget\" data-widget_type=\"heading.default\">\n\t\t\t\t<div class=\"elementor-widget-container\">\n\t\t\t\t\t<h2 class=\"elementor-heading-title elementor-size-default\">For our English speaking clients<\/h2>\t\t\t\t<\/div>\n\t\t\t\t<\/div>\n\t\t\t\t\t<\/div>\n\t\t<\/div>\n\t\t\t\t\t<\/div>\n\t\t<\/section>\n\t\t\t\t<section class=\"elementor-section elementor-top-section elementor-element elementor-element-57040c3 elementor-section-boxed elementor-section-height-default elementor-section-height-default\" data-id=\"57040c3\" data-element_type=\"section\" data-e-type=\"section\">\n\t\t\t\t\t\t<div class=\"elementor-container elementor-column-gap-default\">\n\t\t\t\t\t<div class=\"elementor-column elementor-col-50 elementor-top-column elementor-element elementor-element-0dd1686\" data-id=\"0dd1686\" data-element_type=\"column\" data-e-type=\"column\">\n\t\t\t<div class=\"elementor-widget-wrap elementor-element-populated\">\n\t\t\t\t\t\t<div class=\"elementor-element elementor-element-9bf36ee elementor-align-center elementor-widget elementor-widget-button\" data-id=\"9bf36ee\" data-element_type=\"widget\" data-e-type=\"widget\" data-widget_type=\"button.default\">\n\t\t\t\t<div class=\"elementor-widget-container\">\n\t\t\t\t\t\t\t\t\t<div class=\"elementor-button-wrapper\">\n\t\t\t\t\t<a class=\"elementor-button elementor-button-link elementor-size-sm\" href=\"https:\/\/dataprotectionsolutions.hu\/wp-content\/uploads\/2024\/05\/DPS_adatkezelesi-tajekoztato_v20240521.pdf\" target=\"_blank\">\n\t\t\t\t\t\t<span class=\"elementor-button-content-wrapper\">\n\t\t\t\t\t\t\t\t\t<span class=\"elementor-button-text\">Adatkezel\u00e9si T\u00e1j\u00e9koztat\u00f3 <\/span>\n\t\t\t\t\t<\/span>\n\t\t\t\t\t<\/a>\n\t\t\t\t<\/div>\n\t\t\t\t\t\t\t\t<\/div>\n\t\t\t\t<\/div>\n\t\t\t\t\t<\/div>\n\t\t<\/div>\n\t\t\t\t<div class=\"elementor-column elementor-col-50 elementor-top-column elementor-element elementor-element-144a569\" data-id=\"144a569\" data-element_type=\"column\" data-e-type=\"column\">\n\t\t\t<div class=\"elementor-widget-wrap elementor-element-populated\">\n\t\t\t\t\t\t<div class=\"elementor-element elementor-element-4cd8de7 elementor-align-center elementor-widget elementor-widget-button\" data-id=\"4cd8de7\" data-element_type=\"widget\" data-e-type=\"widget\" data-widget_type=\"button.default\">\n\t\t\t\t<div class=\"elementor-widget-container\">\n\t\t\t\t\t\t\t\t\t<div class=\"elementor-button-wrapper\">\n\t\t\t\t\t<a class=\"elementor-button elementor-button-link elementor-size-sm\" href=\"https:\/\/dataprotectionsolutions.hu\/wp-content\/uploads\/2024\/05\/DPS_adatkezelesi-tajekoztato_ENG_v20240521.pdf\" target=\"_blank\">\n\t\t\t\t\t\t<span class=\"elementor-button-content-wrapper\">\n\t\t\t\t\t\t\t\t\t<span class=\"elementor-button-text\">Privacy Policy<\/span>\n\t\t\t\t\t<\/span>\n\t\t\t\t\t<\/a>\n\t\t\t\t<\/div>\n\t\t\t\t\t\t\t\t<\/div>\n\t\t\t\t<\/div>\n\t\t\t\t\t<\/div>\n\t\t<\/div>\n\t\t\t\t\t<\/div>\n\t\t<\/section>\n\t\t\t\t<section class=\"elementor-section elementor-top-section elementor-element elementor-element-a3b7ef5 elementor-section-boxed elementor-section-height-default elementor-section-height-default\" data-id=\"a3b7ef5\" data-element_type=\"section\" data-e-type=\"section\">\n\t\t\t\t\t\t<div class=\"elementor-container elementor-column-gap-default\">\n\t\t\t\t\t<div class=\"elementor-column elementor-col-50 elementor-top-column elementor-element elementor-element-d41af64\" data-id=\"d41af64\" data-element_type=\"column\" data-e-type=\"column\">\n\t\t\t<div class=\"elementor-widget-wrap elementor-element-populated\">\n\t\t\t\t\t\t<div class=\"elementor-element elementor-element-1309467 elementor-align-center elementor-widget elementor-widget-button\" data-id=\"1309467\" data-element_type=\"widget\" data-e-type=\"widget\" data-widget_type=\"button.default\">\n\t\t\t\t<div class=\"elementor-widget-container\">\n\t\t\t\t\t\t\t\t\t<div class=\"elementor-button-wrapper\">\n\t\t\t\t\t<a class=\"elementor-button elementor-button-link elementor-size-sm\" href=\"https:\/\/dataprotectionsolutions.hu\/wp-content\/uploads\/2024\/05\/DPS_adatkezelesi-tajekoztato_Szolgaltatas_1szmelleklet_v20240521.pdf\" target=\"_blank\">\n\t\t\t\t\t\t<span class=\"elementor-button-content-wrapper\">\n\t\t\t\t\t\t\t\t\t<span class=\"elementor-button-text\">Adatkezel\u00e9si T\u00e1j\u00e9koztat\u00f3 1. sz. mell\u00e9klet<\/span>\n\t\t\t\t\t<\/span>\n\t\t\t\t\t<\/a>\n\t\t\t\t<\/div>\n\t\t\t\t\t\t\t\t<\/div>\n\t\t\t\t<\/div>\n\t\t\t\t\t<\/div>\n\t\t<\/div>\n\t\t\t\t<div class=\"elementor-column elementor-col-50 elementor-top-column elementor-element elementor-element-e2aa572\" data-id=\"e2aa572\" data-element_type=\"column\" data-e-type=\"column\">\n\t\t\t<div class=\"elementor-widget-wrap elementor-element-populated\">\n\t\t\t\t\t\t<div class=\"elementor-element elementor-element-9e8ba86 elementor-align-center elementor-widget elementor-widget-button\" data-id=\"9e8ba86\" data-element_type=\"widget\" data-e-type=\"widget\" data-widget_type=\"button.default\">\n\t\t\t\t<div class=\"elementor-widget-container\">\n\t\t\t\t\t\t\t\t\t<div class=\"elementor-button-wrapper\">\n\t\t\t\t\t<a class=\"elementor-button elementor-button-link elementor-size-sm\" href=\"https:\/\/dataprotectionsolutions.hu\/wp-content\/uploads\/2024\/05\/DPS_adatkezelesi-tajekoztato_Szolgaltatas_1szmelleklet_ENG_v20240521.pdf\" target=\"_blank\">\n\t\t\t\t\t\t<span class=\"elementor-button-content-wrapper\">\n\t\t\t\t\t\t\t\t\t<span class=\"elementor-button-text\">Annex No. 1. to the Privacy Policy<\/span>\n\t\t\t\t\t<\/span>\n\t\t\t\t\t<\/a>\n\t\t\t\t<\/div>\n\t\t\t\t\t\t\t\t<\/div>\n\t\t\t\t<\/div>\n\t\t\t\t\t<\/div>\n\t\t<\/div>\n\t\t\t\t\t<\/div>\n\t\t<\/section>\n\t\t\t\t<section class=\"elementor-section elementor-top-section elementor-element elementor-element-fa7fb13 elementor-section-boxed elementor-section-height-default elementor-section-height-default\" data-id=\"fa7fb13\" data-element_type=\"section\" data-e-type=\"section\">\n\t\t\t\t\t\t<div class=\"elementor-container elementor-column-gap-default\">\n\t\t\t\t\t<div class=\"elementor-column elementor-col-100 elementor-top-column elementor-element elementor-element-3242ee5\" data-id=\"3242ee5\" data-element_type=\"column\" data-e-type=\"column\">\n\t\t\t<div class=\"elementor-widget-wrap elementor-element-populated\">\n\t\t\t\t\t\t<div class=\"elementor-element elementor-element-01859ba elementor-widget elementor-widget-spacer\" data-id=\"01859ba\" data-element_type=\"widget\" data-e-type=\"widget\" data-widget_type=\"spacer.default\">\n\t\t\t\t<div class=\"elementor-widget-container\">\n\t\t\t\t\t\t\t<div class=\"elementor-spacer\">\n\t\t\t<div class=\"elementor-spacer-inner\"><\/div>\n\t\t<\/div>\n\t\t\t\t\t\t<\/div>\n\t\t\t\t<\/div>\n\t\t\t\t\t<\/div>\n\t\t<\/div>\n\t\t\t\t\t<\/div>\n\t\t<\/section>\n\t\t\t\t<\/div>","protected":false},"excerpt":{"rendered":"<p>A szolg\u00e1ltat\u00e1s adatkezel\u00e9si t\u00e1j\u00e9koztat\u00f3jaPrivacy Policy of the services offered Magyarul besz\u00e9l\u0151 \u00fcgyfeleink r\u00e9sz\u00e9re For our English speaking clients Adatkezel\u00e9si T\u00e1j\u00e9koztat\u00f3 Privacy Policy Adatkezel\u00e9si T\u00e1j\u00e9koztat\u00f3 1. sz. mell\u00e9klet Annex No. 1. to the Privacy Policy<\/p>","protected":false},"author":1,"featured_media":0,"parent":0,"menu_order":0,"comment_status":"closed","ping_status":"closed","template":"","meta":{"site-sidebar-layout":"no-sidebar","site-content-layout":"page-builder","ast-site-content-layout":"default","site-content-style":"default","site-sidebar-style":"default","ast-global-header-display":"","ast-banner-title-visibility":"","ast-main-header-display":"","ast-hfb-above-header-display":"","ast-hfb-below-header-display":"","ast-hfb-mobile-header-display":"","site-post-title":"disabled","ast-breadcrumbs-content":"","ast-featured-img":"disabled","footer-sml-layout":"","ast-disable-related-posts":"","theme-transparent-header-meta":"default","adv-header-id-meta":"","stick-header-meta":"","header-above-stick-meta":"","header-main-stick-meta":"","header-below-stick-meta":"","astra-migrate-meta-layouts":"default","ast-page-background-enabled":"default","ast-page-background-meta":{"desktop":{"background-color":"var(--ast-global-color-4)","background-image":"","background-repeat":"repeat","background-position":"center center","background-size":"auto","background-attachment":"scroll","background-type":"","background-media":"","overlay-type":"","overlay-color":"","overlay-opacity":"","overlay-gradient":""},"tablet":{"background-color":"","background-image":"","background-repeat":"repeat","background-position":"center center","background-size":"auto","background-attachment":"scroll","background-type":"","background-media":"","overlay-type":"","overlay-color":"","overlay-opacity":"","overlay-gradient":""},"mobile":{"background-color":"","background-image":"","background-repeat":"repeat","background-position":"center center","background-size":"auto","background-attachment":"scroll","background-type":"","background-media":"","overlay-type":"","overlay-color":"","overlay-opacity":"","overlay-gradient":""}},"ast-content-background-meta":{"desktop":{"background-color":"var(--ast-global-color-5)","background-image":"","background-repeat":"repeat","background-position":"center center","background-size":"auto","background-attachment":"scroll","background-type":"","background-media":"","overlay-type":"","overlay-color":"","overlay-opacity":"","overlay-gradient":""},"tablet":{"background-color":"var(--ast-global-color-5)","background-image":"","background-repeat":"repeat","background-position":"center center","background-size":"auto","background-attachment":"scroll","background-type":"","background-media":"","overlay-type":"","overlay-color":"","overlay-opacity":"","overlay-gradient":""},"mobile":{"background-color":"var(--ast-global-color-5)","background-image":"","background-repeat":"repeat","background-position":"center center","background-size":"auto","background-attachment":"scroll","background-type":"","background-media":"","overlay-type":"","overlay-color":"","overlay-opacity":"","overlay-gradient":""}},"footnotes":""},"class_list":["post-2271","page","type-page","status-publish","hentry"],"yoast_head":"<!-- This site is optimized with the Yoast SEO plugin v27.4 - https:\/\/yoast.com\/product\/yoast-seo-wordpress\/ -->\n<title>Adatkezel\u00e9si T\u00e1j\u00e9koztat\u00f3 - \u00dczletviteli Tan\u00e1csad\u00e1s &#8212; Data Protection Solutions<\/title>\n<meta name=\"robots\" content=\"index, follow, max-snippet:-1, max-image-preview:large, max-video-preview:-1\" \/>\n<link rel=\"canonical\" href=\"https:\/\/dataprotectionsolutions.hu\/en\/privacy-policy\/\" \/>\n<meta property=\"og:locale\" content=\"en_US\" \/>\n<meta property=\"og:type\" content=\"article\" \/>\n<meta property=\"og:title\" content=\"Adatkezel\u00e9si T\u00e1j\u00e9koztat\u00f3 - \u00dczletviteli Tan\u00e1csad\u00e1s &#8212; Data Protection Solutions\" \/>\n<meta property=\"og:description\" content=\"A szolg\u00e1ltat\u00e1s adatkezel\u00e9si t\u00e1j\u00e9koztat\u00f3jaPrivacy Policy of the services offered Magyarul besz\u00e9l\u0151 \u00fcgyfeleink r\u00e9sz\u00e9re For our English speaking clients Adatkezel\u00e9si T\u00e1j\u00e9koztat\u00f3 Privacy Policy Adatkezel\u00e9si T\u00e1j\u00e9koztat\u00f3 1. sz. mell\u00e9klet Annex No. 1. to the Privacy Policy\" \/>\n<meta property=\"og:url\" content=\"https:\/\/dataprotectionsolutions.hu\/en\/privacy-policy\/\" \/>\n<meta property=\"og:site_name\" content=\"Data Protection Solutions\" \/>\n<meta property=\"article:modified_time\" content=\"2024-05-21T09:56:26+00:00\" \/>\n<meta name=\"twitter:card\" content=\"summary_large_image\" \/>\n<meta name=\"twitter:label1\" content=\"Est. reading time\" \/>\n\t<meta name=\"twitter:data1\" content=\"1 minute\" \/>\n<script type=\"application\/ld+json\" class=\"yoast-schema-graph\">{\"@context\":\"https:\\\/\\\/schema.org\",\"@graph\":[{\"@type\":\"WebPage\",\"@id\":\"https:\\\/\\\/dataprotectionsolutions.hu\\\/privacy-policy\\\/\",\"url\":\"https:\\\/\\\/dataprotectionsolutions.hu\\\/privacy-policy\\\/\",\"name\":\"Adatkezel\u00e9si T\u00e1j\u00e9koztat\u00f3 - \u00dczletviteli Tan\u00e1csad\u00e1s &#8212; Data Protection Solutions\",\"isPartOf\":{\"@id\":\"https:\\\/\\\/dataprotectionsolutions.hu\\\/#website\"},\"datePublished\":\"2021-03-17T10:34:22+00:00\",\"dateModified\":\"2024-05-21T09:56:26+00:00\",\"breadcrumb\":{\"@id\":\"https:\\\/\\\/dataprotectionsolutions.hu\\\/privacy-policy\\\/#breadcrumb\"},\"inLanguage\":\"en-US\",\"potentialAction\":[{\"@type\":\"ReadAction\",\"target\":[\"https:\\\/\\\/dataprotectionsolutions.hu\\\/privacy-policy\\\/\"]}]},{\"@type\":\"BreadcrumbList\",\"@id\":\"https:\\\/\\\/dataprotectionsolutions.hu\\\/privacy-policy\\\/#breadcrumb\",\"itemListElement\":[{\"@type\":\"ListItem\",\"position\":1,\"name\":\"Kezd\u0151lap\",\"item\":\"https:\\\/\\\/dataprotectionsolutions.hu\\\/\"},{\"@type\":\"ListItem\",\"position\":2,\"name\":\"Adatkezel\u00e9si T\u00e1j\u00e9koztat\u00f3 &#8211; \u00dczletviteli Tan\u00e1csad\u00e1s\"}]},{\"@type\":\"WebSite\",\"@id\":\"https:\\\/\\\/dataprotectionsolutions.hu\\\/#website\",\"url\":\"https:\\\/\\\/dataprotectionsolutions.hu\\\/\",\"name\":\"Data Protection Solutions\",\"description\":\"Adatv\u00e9delmi tan\u00e1csad\u00e1s\",\"publisher\":{\"@id\":\"https:\\\/\\\/dataprotectionsolutions.hu\\\/#organization\"},\"potentialAction\":[{\"@type\":\"SearchAction\",\"target\":{\"@type\":\"EntryPoint\",\"urlTemplate\":\"https:\\\/\\\/dataprotectionsolutions.hu\\\/?s={search_term_string}\"},\"query-input\":{\"@type\":\"PropertyValueSpecification\",\"valueRequired\":true,\"valueName\":\"search_term_string\"}}],\"inLanguage\":\"en-US\"},{\"@type\":\"Organization\",\"@id\":\"https:\\\/\\\/dataprotectionsolutions.hu\\\/#organization\",\"name\":\"Data Protection Solutions\",\"url\":\"https:\\\/\\\/dataprotectionsolutions.hu\\\/\",\"logo\":{\"@type\":\"ImageObject\",\"inLanguage\":\"en-US\",\"@id\":\"https:\\\/\\\/dataprotectionsolutions.hu\\\/#\\\/schema\\\/logo\\\/image\\\/\",\"url\":\"https:\\\/\\\/dataprotectionsolutions.hu\\\/wp-content\\\/uploads\\\/2021\\\/06\\\/logo_finalkek_szoveggel-hatter.png\",\"contentUrl\":\"https:\\\/\\\/dataprotectionsolutions.hu\\\/wp-content\\\/uploads\\\/2021\\\/06\\\/logo_finalkek_szoveggel-hatter.png\",\"width\":1605,\"height\":1560,\"caption\":\"Data Protection Solutions\"},\"image\":{\"@id\":\"https:\\\/\\\/dataprotectionsolutions.hu\\\/#\\\/schema\\\/logo\\\/image\\\/\"}}]}<\/script>\n<!-- \/ Yoast SEO plugin. -->","yoast_head_json":{"title":"Adatkezel\u00e9si T\u00e1j\u00e9koztat\u00f3 - \u00dczletviteli Tan\u00e1csad\u00e1s &#8212; Data Protection Solutions","robots":{"index":"index","follow":"follow","max-snippet":"max-snippet:-1","max-image-preview":"max-image-preview:large","max-video-preview":"max-video-preview:-1"},"canonical":"https:\/\/dataprotectionsolutions.hu\/en\/privacy-policy\/","og_locale":"en_US","og_type":"article","og_title":"Adatkezel\u00e9si T\u00e1j\u00e9koztat\u00f3 - \u00dczletviteli Tan\u00e1csad\u00e1s &#8212; Data Protection Solutions","og_description":"A szolg\u00e1ltat\u00e1s adatkezel\u00e9si t\u00e1j\u00e9koztat\u00f3jaPrivacy Policy of the services offered Magyarul besz\u00e9l\u0151 \u00fcgyfeleink r\u00e9sz\u00e9re For our English speaking clients Adatkezel\u00e9si T\u00e1j\u00e9koztat\u00f3 Privacy Policy Adatkezel\u00e9si T\u00e1j\u00e9koztat\u00f3 1. sz. mell\u00e9klet Annex No. 1. to the Privacy Policy","og_url":"https:\/\/dataprotectionsolutions.hu\/en\/privacy-policy\/","og_site_name":"Data Protection Solutions","article_modified_time":"2024-05-21T09:56:26+00:00","twitter_card":"summary_large_image","twitter_misc":{"Est. reading time":"1 minute"},"schema":{"@context":"https:\/\/schema.org","@graph":[{"@type":"WebPage","@id":"https:\/\/dataprotectionsolutions.hu\/privacy-policy\/","url":"https:\/\/dataprotectionsolutions.hu\/privacy-policy\/","name":"Adatkezel\u00e9si T\u00e1j\u00e9koztat\u00f3 - \u00dczletviteli Tan\u00e1csad\u00e1s &#8212; Data Protection Solutions","isPartOf":{"@id":"https:\/\/dataprotectionsolutions.hu\/#website"},"datePublished":"2021-03-17T10:34:22+00:00","dateModified":"2024-05-21T09:56:26+00:00","breadcrumb":{"@id":"https:\/\/dataprotectionsolutions.hu\/privacy-policy\/#breadcrumb"},"inLanguage":"en-US","potentialAction":[{"@type":"ReadAction","target":["https:\/\/dataprotectionsolutions.hu\/privacy-policy\/"]}]},{"@type":"BreadcrumbList","@id":"https:\/\/dataprotectionsolutions.hu\/privacy-policy\/#breadcrumb","itemListElement":[{"@type":"ListItem","position":1,"name":"Kezd\u0151lap","item":"https:\/\/dataprotectionsolutions.hu\/"},{"@type":"ListItem","position":2,"name":"Adatkezel\u00e9si T\u00e1j\u00e9koztat\u00f3 &#8211; \u00dczletviteli Tan\u00e1csad\u00e1s"}]},{"@type":"WebSite","@id":"https:\/\/dataprotectionsolutions.hu\/#website","url":"https:\/\/dataprotectionsolutions.hu\/","name":"Data Protection Solutions","description":"Data protection consultancy","publisher":{"@id":"https:\/\/dataprotectionsolutions.hu\/#organization"},"potentialAction":[{"@type":"SearchAction","target":{"@type":"EntryPoint","urlTemplate":"https:\/\/dataprotectionsolutions.hu\/?s={search_term_string}"},"query-input":{"@type":"PropertyValueSpecification","valueRequired":true,"valueName":"search_term_string"}}],"inLanguage":"en-US"},{"@type":"Organization","@id":"https:\/\/dataprotectionsolutions.hu\/#organization","name":"Data Protection Solutions","url":"https:\/\/dataprotectionsolutions.hu\/","logo":{"@type":"ImageObject","inLanguage":"en-US","@id":"https:\/\/dataprotectionsolutions.hu\/#\/schema\/logo\/image\/","url":"https:\/\/dataprotectionsolutions.hu\/wp-content\/uploads\/2021\/06\/logo_finalkek_szoveggel-hatter.png","contentUrl":"https:\/\/dataprotectionsolutions.hu\/wp-content\/uploads\/2021\/06\/logo_finalkek_szoveggel-hatter.png","width":1605,"height":1560,"caption":"Data Protection Solutions"},"image":{"@id":"https:\/\/dataprotectionsolutions.hu\/#\/schema\/logo\/image\/"}}]}},"_links":{"self":[{"href":"https:\/\/dataprotectionsolutions.hu\/en\/wp-json\/wp\/v2\/pages\/2271","targetHints":{"allow":["GET"]}}],"collection":[{"href":"https:\/\/dataprotectionsolutions.hu\/en\/wp-json\/wp\/v2\/pages"}],"about":[{"href":"https:\/\/dataprotectionsolutions.hu\/en\/wp-json\/wp\/v2\/types\/page"}],"author":[{"embeddable":true,"href":"https:\/\/dataprotectionsolutions.hu\/en\/wp-json\/wp\/v2\/users\/1"}],"replies":[{"embeddable":true,"href":"https:\/\/dataprotectionsolutions.hu\/en\/wp-json\/wp\/v2\/comments?post=2271"}],"version-history":[{"count":0,"href":"https:\/\/dataprotectionsolutions.hu\/en\/wp-json\/wp\/v2\/pages\/2271\/revisions"}],"wp:attachment":[{"href":"https:\/\/dataprotectionsolutions.hu\/en\/wp-json\/wp\/v2\/media?parent=2271"}],"curies":[{"name":"wp","href":"https:\/\/api.w.org\/{rel}","templated":true}]}}